{"id":17713,"date":"2016-09-01T08:40:42","date_gmt":"2016-09-01T11:40:42","guid":{"rendered":"http:\/\/akaikki.com.br\/?page_id=17713"},"modified":"2017-10-04T02:12:55","modified_gmt":"2017-10-04T05:12:55","slug":"eliminatorias-da-oceania-primeira-fase","status":"publish","type":"page","link":"https:\/\/akaikki.com.br\/?page_id=17713","title":{"rendered":"Eliminat\u00f3rias da Oceania &#8211; Primeira Fase"},"content":{"rendered":"<p style=\"text-align: justify;\">A Primeira Fase das Eliminat\u00f3rias da Oceania consiste em um grupo \u00fanico formado pelos times ranqueados entre as posi\u00e7\u00f5es 8 a 11.<\/p>\n<h3 style=\"text-align: justify;\">PARTICIPANTES<\/h3>\n<table border=\"1\" width=\"600\" align=\"center\">\n<tbody>\n<tr>\n<td valign=\"top\" width=\"200\">\n<ol>\n<li><img loading=\"lazy\" decoding=\"async\" style=\"margin: 0px 4px;\" src=\"https:\/\/akaikki.com.br\/copa\/oceania\/Solomon-Islands.png\" width=\"24\" height=\"24\" align=\"absMiddle\" \/>Ilhas Salom\u00e3o (177)<\/li>\n<li><img loading=\"lazy\" decoding=\"async\" style=\"margin: 0px 4px;\" src=\"https:\/\/akaikki.com.br\/copa\/oceania\/Tonga.png\" width=\"24\" height=\"24\" align=\"absMiddle\" \/><strong>Tonga<\/strong> (178)<\/li>\n<li><img loading=\"lazy\" decoding=\"async\" style=\"margin: 0px 4px;\" src=\"https:\/\/akaikki.com.br\/copa\/oceania\/Samoa.png\" width=\"24\" height=\"24\" align=\"absMiddle\" \/>Samoa (180)<\/li>\n<li><img loading=\"lazy\" decoding=\"async\" style=\"margin: 0px 4px;\" src=\"https:\/\/akaikki.com.br\/copa\/oceania\/Vanuatu.png\" width=\"24\" height=\"24\" align=\"absMiddle\" \/>Vanuatu (185)<\/li>\n<\/ol>\n<\/td>\n<\/tr>\n<\/tbody>\n<\/table>\n<p style=\"text-align: justify;\">Por ser um grupo \u00fanico, o sorteio serviu apenas para definir a ordem dos jogos.<\/p>\n<p style=\"text-align: justify;\">Em <strong>negrito<\/strong>, o time classificado para a <a href=\"https:\/\/akaikki.com.br\/?page_id=17716\">Segunda Fase<\/a>.<\/p>\n<h3 style=\"text-align: justify;\" align=\"justify\">JOGOS<\/h3>\n<table border=\"1\" width=\"600\" align=\"center\">\n<tbody>\n<tr>\n<td align=\"center\" width=\"30\"><strong>Pos.<\/strong><\/td>\n<td width=\"200\"><strong><span style=\"color: #ffffff;\">&#8211;<\/span>Time<\/strong><\/td>\n<td align=\"center\" width=\"50\"><strong>Pts.<\/strong><\/td>\n<td align=\"center\" width=\"30\"><strong>J<\/strong><\/td>\n<td align=\"center\" width=\"30\"><strong>V<\/strong><\/td>\n<td align=\"center\" width=\"30\"><strong>E<\/strong><\/td>\n<td align=\"center\" width=\"30\"><strong>D<\/strong><\/td>\n<td align=\"center\" width=\"30\"><strong>SG<\/strong><\/td>\n<td align=\"center\" width=\"30\"><strong>GP<\/strong><\/td>\n<td align=\"center\" width=\"30\"><strong>GC<\/strong><\/td>\n<\/tr>\n<tr>\n<td align=\"center\" bgcolor=\"#C5D9F1\">1<\/td>\n<td bgcolor=\"#C5D9F1\"><img loading=\"lazy\" decoding=\"async\" style=\"margin: 0px 4px;\" src=\"https:\/\/akaikki.com.br\/copa\/oceania\/Tonga.png\" width=\"24\" height=\"24\" align=\"absMiddle\" \/>Tonga<\/td>\n<td align=\"center\" bgcolor=\"#C5D9F1\" width=\"19\">13<\/td>\n<td align=\"center\" bgcolor=\"#C5D9F1\" width=\"19\">6<\/td>\n<td align=\"center\" bgcolor=\"#C5D9F1\" width=\"19\">4<\/td>\n<td align=\"center\" bgcolor=\"#C5D9F1\" width=\"19\">1<\/td>\n<td align=\"center\" bgcolor=\"#C5D9F1\" width=\"19\">1<\/td>\n<td align=\"center\" bgcolor=\"#C5D9F1\" width=\"22\">4<\/td>\n<td align=\"center\" bgcolor=\"#C5D9F1\" width=\"19\">7<\/td>\n<td align=\"center\" bgcolor=\"#C5D9F1\" width=\"19\">3<\/td>\n<\/tr>\n<tr>\n<td align=\"center\" bgcolor=\"#E6B8B7\">2<\/td>\n<td bgcolor=\"#E6B8B7\"><img loading=\"lazy\" decoding=\"async\" style=\"margin: 0px 4px;\" src=\"https:\/\/akaikki.com.br\/copa\/oceania\/Vanuatu.png\" width=\"24\" height=\"24\" align=\"absMiddle\" \/>Vanuatu<\/td>\n<td align=\"center\" bgcolor=\"#E6B8B7\">7<\/td>\n<td align=\"center\" bgcolor=\"#E6B8B7\">6<\/td>\n<td align=\"center\" bgcolor=\"#E6B8B7\">1<\/td>\n<td align=\"center\" bgcolor=\"#E6B8B7\">4<\/td>\n<td align=\"center\" bgcolor=\"#E6B8B7\">1<\/td>\n<td align=\"center\" bgcolor=\"#E6B8B7\">1<\/td>\n<td align=\"center\" bgcolor=\"#E6B8B7\">4<\/td>\n<td align=\"center\" bgcolor=\"#E6B8B7\">3<\/td>\n<\/tr>\n<tr>\n<td align=\"center\" bgcolor=\"#E6B8B7\">3<\/td>\n<td bgcolor=\"#E6B8B7\"><img loading=\"lazy\" decoding=\"async\" style=\"margin: 0px 4px;\" src=\"https:\/\/akaikki.com.br\/copa\/oceania\/Solomon-Islands.png\" width=\"24\" height=\"24\" align=\"absMiddle\" \/>Ilhas Salom\u00e3o<\/td>\n<td align=\"center\" bgcolor=\"#E6B8B7\">6<\/td>\n<td align=\"center\" bgcolor=\"#E6B8B7\">6<\/td>\n<td align=\"center\" bgcolor=\"#E6B8B7\">1<\/td>\n<td align=\"center\" bgcolor=\"#E6B8B7\">3<\/td>\n<td align=\"center\" bgcolor=\"#E6B8B7\">2<\/td>\n<td align=\"center\" bgcolor=\"#E6B8B7\">-2<\/td>\n<td align=\"center\" bgcolor=\"#E6B8B7\">3<\/td>\n<td align=\"center\" bgcolor=\"#E6B8B7\">5<\/td>\n<\/tr>\n<tr>\n<td align=\"center\" bgcolor=\"#E6B8B7\">4<\/td>\n<td bgcolor=\"#E6B8B7\"><img loading=\"lazy\" decoding=\"async\" style=\"margin: 0px 4px;\" src=\"https:\/\/akaikki.com.br\/copa\/oceania\/Samoa.png\" width=\"24\" height=\"24\" align=\"absMiddle\" \/>Samoa<\/td>\n<td align=\"center\" bgcolor=\"#E6B8B7\">5<\/td>\n<td align=\"center\" bgcolor=\"#E6B8B7\">6<\/td>\n<td align=\"center\" bgcolor=\"#E6B8B7\">1<\/td>\n<td align=\"center\" bgcolor=\"#E6B8B7\">2<\/td>\n<td align=\"center\" bgcolor=\"#E6B8B7\">3<\/td>\n<td align=\"center\" bgcolor=\"#E6B8B7\">-3<\/td>\n<td align=\"center\" bgcolor=\"#E6B8B7\">3<\/td>\n<td align=\"center\" bgcolor=\"#E6B8B7\">6<\/td>\n<\/tr>\n<\/tbody>\n<\/table>\n<p>&nbsp;<\/p>\n<table border=\"0\" width=\"600\" align=\"center\">\n<tbody>\n<tr>\n<td colspan=\"3\" align=\"left\"><strong>1\u00aa Rodada<\/strong><\/td>\n<\/tr>\n<tr>\n<td align=\"right\" width=\"200\"><strong>Vanuatu<img loading=\"lazy\" decoding=\"async\" style=\"margin: 0px 4px;\" src=\"https:\/\/akaikki.com.br\/copa\/oceania\/Vanuatu.png\" width=\"24\" height=\"24\" align=\"absMiddle\" \/><\/strong><\/td>\n<td align=\"center\" width=\"75\"><strong>1 &#8211; 1<\/strong><\/td>\n<td align=\"left\" width=\"200\"><strong><img loading=\"lazy\" decoding=\"async\" style=\"margin: 0px 4px;\" src=\"https:\/\/akaikki.com.br\/copa\/oceania\/Solomon-Islands.png\" width=\"24\" height=\"24\" align=\"absMiddle\" \/>Ilhas Salom\u00e3o<\/strong><\/td>\n<\/tr>\n<tr>\n<td align=\"right\">Reuben 80&#8242;<\/td>\n<td align=\"center\"><\/td>\n<td align=\"left\">Wale 79&#8242;<\/td>\n<\/tr>\n<tr>\n<td colspan=\"3\" align=\"right\"><strong><span style=\"color: #ffffff;\">&#8211;<\/span><\/strong><\/td>\n<\/tr>\n<tr>\n<td align=\"right\"><strong>Tonga<img loading=\"lazy\" decoding=\"async\" style=\"margin: 0px 4px;\" src=\"https:\/\/akaikki.com.br\/copa\/oceania\/Tonga.png\" width=\"24\" height=\"24\" align=\"absMiddle\" \/><\/strong><\/td>\n<td align=\"center\"><strong>1 &#8211; 0<\/strong><\/td>\n<td align=\"left\"><strong><img loading=\"lazy\" decoding=\"async\" style=\"margin: 0px 4px;\" src=\"https:\/\/akaikki.com.br\/copa\/oceania\/Samoa.png\" width=\"24\" height=\"24\" align=\"absMiddle\" \/>Samoa<\/strong><\/td>\n<\/tr>\n<tr>\n<td align=\"right\">Kioa 45&#8242;<\/td>\n<td align=\"center\"><\/td>\n<td align=\"left\"><\/td>\n<\/tr>\n<tr>\n<td colspan=\"3\" align=\"right\"><strong><span style=\"color: #ffffff;\">&#8211;<\/span><\/strong><\/td>\n<\/tr>\n<tr>\n<td colspan=\"3\" align=\"left\"><strong>2\u00aa Rodada<\/strong><\/td>\n<\/tr>\n<tr>\n<td align=\"right\"><strong>Ilhas Salom\u00e3o<img loading=\"lazy\" decoding=\"async\" style=\"margin: 0px 4px;\" src=\"https:\/\/akaikki.com.br\/copa\/oceania\/Solomon-Islands.png\" width=\"24\" height=\"24\" align=\"absMiddle\" \/><\/strong><\/td>\n<td align=\"center\"><strong>0 &#8211; 1<\/strong><\/td>\n<td align=\"left\"><strong><img loading=\"lazy\" decoding=\"async\" style=\"margin: 0px 4px;\" src=\"https:\/\/akaikki.com.br\/copa\/oceania\/Tonga.png\" width=\"24\" height=\"24\" align=\"absMiddle\" \/>Tonga<\/strong><\/td>\n<\/tr>\n<tr>\n<td align=\"right\"><\/td>\n<td align=\"center\"><\/td>\n<td align=\"left\">Kava 71&#8242;<\/td>\n<\/tr>\n<tr>\n<td colspan=\"3\" align=\"right\"><strong><span style=\"color: #ffffff;\">&#8211;<\/span><\/strong><\/td>\n<\/tr>\n<tr>\n<td align=\"right\"><strong>Samoa<img loading=\"lazy\" decoding=\"async\" style=\"margin: 0px 4px;\" src=\"https:\/\/akaikki.com.br\/copa\/oceania\/Samoa.png\" width=\"24\" height=\"24\" align=\"absMiddle\" \/><\/strong><\/td>\n<td align=\"center\"><strong>0 &#8211; 2<\/strong><\/td>\n<td align=\"left\"><strong><img loading=\"lazy\" decoding=\"async\" style=\"margin: 0px 4px;\" src=\"https:\/\/akaikki.com.br\/copa\/oceania\/Vanuatu.png\" width=\"24\" height=\"24\" align=\"absMiddle\" \/>Vanuatu<\/strong><\/td>\n<\/tr>\n<tr>\n<td align=\"right\"><\/td>\n<td align=\"center\"><\/td>\n<td align=\"left\">Oswald 23&#8242;, 79&#8242;<\/td>\n<\/tr>\n<tr>\n<td colspan=\"3\" align=\"right\"><strong><span style=\"color: #ffffff;\">&#8211;<\/span><\/strong><\/td>\n<\/tr>\n<tr>\n<td colspan=\"3\" align=\"left\"><strong>3\u00aa Rodada<\/strong><\/td>\n<\/tr>\n<tr>\n<td align=\"right\"><strong>Samoa<img loading=\"lazy\" decoding=\"async\" style=\"margin: 0px 4px;\" src=\"https:\/\/akaikki.com.br\/copa\/oceania\/Samoa.png\" width=\"24\" height=\"24\" align=\"absMiddle\" \/><\/strong><\/td>\n<td align=\"center\"><strong>0 &#8211; 0<\/strong><\/td>\n<td align=\"left\"><strong><img loading=\"lazy\" decoding=\"async\" style=\"margin: 0px 4px;\" src=\"https:\/\/akaikki.com.br\/copa\/oceania\/Solomon-Islands.png\" width=\"24\" height=\"24\" align=\"absMiddle\" \/>Ilhas Salom\u00e3o<\/strong><\/td>\n<\/tr>\n<tr>\n<td colspan=\"3\" align=\"right\"><strong><span style=\"color: #ffffff;\">&#8211;<\/span><\/strong><\/td>\n<\/tr>\n<tr>\n<td align=\"right\"><strong>Vanuatu<img loading=\"lazy\" decoding=\"async\" style=\"margin: 0px 4px;\" src=\"https:\/\/akaikki.com.br\/copa\/oceania\/Vanuatu.png\" width=\"24\" height=\"24\" align=\"absMiddle\" \/><\/strong><\/td>\n<td align=\"center\"><strong> 0 &#8211; 1<\/strong><\/td>\n<td align=\"left\"><strong><img loading=\"lazy\" decoding=\"async\" style=\"margin: 0px 4px;\" src=\"https:\/\/akaikki.com.br\/copa\/oceania\/Tonga.png\" width=\"24\" height=\"24\" align=\"absMiddle\" \/>Tonga<\/strong><\/td>\n<\/tr>\n<tr>\n<td align=\"right\"><\/td>\n<td align=\"center\"><\/td>\n<td align=\"left\">Vaipulu 42&#8242;<\/td>\n<\/tr>\n<tr>\n<td colspan=\"3\" align=\"right\"><strong><span style=\"color: #ffffff;\">&#8211;<\/span><\/strong><\/td>\n<\/tr>\n<tr>\n<td colspan=\"3\" align=\"left\"><strong>4\u00aa Rodada<\/strong><\/td>\n<\/tr>\n<tr>\n<td align=\"right\" width=\"200\"><strong>Ilhas Salom\u00e3o<img loading=\"lazy\" decoding=\"async\" style=\"margin: 0px 4px;\" src=\"https:\/\/akaikki.com.br\/copa\/oceania\/Solomon-Islands.png\" width=\"24\" height=\"24\" align=\"absMiddle\" \/><\/strong><\/td>\n<td align=\"center\"><strong>0 &#8211; 0<\/strong><\/td>\n<td align=\"left\" width=\"200\"><strong><img loading=\"lazy\" decoding=\"async\" style=\"margin: 0px 4px;\" src=\"https:\/\/akaikki.com.br\/copa\/oceania\/Vanuatu.png\" width=\"24\" height=\"24\" align=\"absMiddle\" \/>Vanuatu<\/strong><\/td>\n<\/tr>\n<tr>\n<td colspan=\"3\" align=\"right\"><strong><span style=\"color: #ffffff;\">&#8211;<\/span><\/strong><\/td>\n<\/tr>\n<tr>\n<td align=\"right\"><strong>Samoa<img loading=\"lazy\" decoding=\"async\" style=\"margin: 0px 4px;\" src=\"https:\/\/akaikki.com.br\/copa\/oceania\/Samoa.png\" width=\"24\" height=\"24\" align=\"absMiddle\" \/><\/strong><\/td>\n<td align=\"center\"><strong>0 &#8211; 3<\/strong><\/td>\n<td align=\"left\"><strong><img loading=\"lazy\" decoding=\"async\" style=\"margin: 0px 4px;\" src=\"https:\/\/akaikki.com.br\/copa\/oceania\/Tonga.png\" width=\"24\" height=\"24\" align=\"absMiddle\" \/>Tonga<\/strong><\/td>\n<\/tr>\n<tr>\n<td align=\"right\"><\/td>\n<td align=\"center\"><\/td>\n<td align=\"left\">Vaipulu 25&#8242;<br \/>\nMalupo 28&#8242;<br \/>\nLatu 68&#8242;<\/td>\n<\/tr>\n<tr>\n<td colspan=\"3\" align=\"right\"><strong><span style=\"color: #ffffff;\">&#8211;<\/span><\/strong><\/td>\n<\/tr>\n<tr>\n<td colspan=\"3\" align=\"left\"><strong>5\u00aa Rodada<\/strong><\/td>\n<\/tr>\n<tr>\n<td align=\"right\"><strong>Tonga<img loading=\"lazy\" decoding=\"async\" style=\"margin: 0px 4px;\" src=\"https:\/\/akaikki.com.br\/copa\/oceania\/Tonga.png\" width=\"24\" height=\"24\" align=\"absMiddle\" \/><\/strong><\/td>\n<td align=\"center\"><strong>0 &#8211; 2<\/strong><\/td>\n<td align=\"left\"><strong><img loading=\"lazy\" decoding=\"async\" style=\"margin: 0px 4px;\" src=\"https:\/\/akaikki.com.br\/copa\/oceania\/Solomon-Islands.png\" width=\"24\" height=\"24\" align=\"absMiddle\" \/>Ilhas Salom\u00e3o<\/strong><\/td>\n<\/tr>\n<tr>\n<td align=\"right\"><\/td>\n<td align=\"center\"><\/td>\n<td align=\"left\">Puia 9&#8242;, 46&#8242;<\/td>\n<\/tr>\n<tr>\n<td colspan=\"3\" align=\"right\"><strong><span style=\"color: #ffffff;\">&#8211;<\/span><\/strong><\/td>\n<\/tr>\n<tr>\n<td align=\"right\"><strong>Vanuatu<img loading=\"lazy\" decoding=\"async\" style=\"margin: 0px 4px;\" src=\"https:\/\/akaikki.com.br\/copa\/oceania\/Vanuatu.png\" width=\"24\" height=\"24\" align=\"absMiddle\" \/><\/strong><\/td>\n<td align=\"center\"><strong>0 &#8211; 0<\/strong><\/td>\n<td align=\"left\"><strong><img loading=\"lazy\" decoding=\"async\" style=\"margin: 0px 4px;\" src=\"https:\/\/akaikki.com.br\/copa\/oceania\/Samoa.png\" width=\"24\" height=\"24\" align=\"absMiddle\" \/>Samoa<\/strong><\/td>\n<\/tr>\n<tr>\n<td colspan=\"3\" align=\"right\"><strong><span style=\"color: #ffffff;\">&#8211;<\/span><\/strong><\/td>\n<\/tr>\n<tr>\n<td colspan=\"3\" align=\"left\"><strong>6\u00aa Rodada<\/strong><\/td>\n<\/tr>\n<tr>\n<td align=\"right\"><strong>Ilhas Salom\u00e3o<img loading=\"lazy\" decoding=\"async\" style=\"margin: 0px 4px;\" src=\"https:\/\/akaikki.com.br\/copa\/oceania\/Solomon-Islands.png\" width=\"24\" height=\"24\" align=\"absMiddle\" \/><\/strong><\/td>\n<td align=\"center\"><strong>0 &#8211; 3<\/strong><\/td>\n<td align=\"left\"><strong><img loading=\"lazy\" decoding=\"async\" style=\"margin: 0px 4px;\" src=\"https:\/\/akaikki.com.br\/copa\/oceania\/Samoa.png\" width=\"24\" height=\"24\" align=\"absMiddle\" \/>Samoa<\/strong><\/td>\n<\/tr>\n<tr>\n<td align=\"right\"><\/td>\n<td align=\"center\"><\/td>\n<td align=\"left\">Toleafoa 4&#8242;<br \/>\nAsovale 54&#8242;, 77&#8242;<\/td>\n<\/tr>\n<tr>\n<td colspan=\"3\" align=\"right\"><strong><span style=\"color: #ffffff;\">&#8211;<\/span><\/strong><\/td>\n<\/tr>\n<tr>\n<td align=\"right\"><strong>Tonga<img loading=\"lazy\" decoding=\"async\" style=\"margin: 0px 4px;\" src=\"https:\/\/akaikki.com.br\/copa\/oceania\/Tonga.png\" width=\"24\" height=\"24\" align=\"absMiddle\" \/><\/strong><\/td>\n<td align=\"center\"><strong>1 &#8211; 1<\/strong><\/td>\n<td align=\"left\"><strong><img loading=\"lazy\" decoding=\"async\" style=\"margin: 0px 4px;\" src=\"https:\/\/akaikki.com.br\/copa\/oceania\/Vanuatu.png\" width=\"24\" height=\"24\" align=\"absMiddle\" \/>Vanuatu<\/strong><\/td>\n<\/tr>\n<tr>\n<td align=\"right\">Malupo 57&#8242;<\/td>\n<td align=\"center\"><\/td>\n<td align=\"left\">Solomon 46&#8242;<\/td>\n<\/tr>\n<\/tbody>\n<\/table>\n<h3 style=\"text-align: justify;\">ARTILHARIA<\/h3>\n<p style=\"text-align: justify;\">Foram marcados 17 gols em 12 jogos. (m\u00e9dia de 1,42 gols\/jogo)<\/p>\n<table border=\"0\" width=\"600\" align=\"center\">\n<tbody>\n<tr>\n<td colspan=\"6\"><strong>2 gols<\/strong><\/td>\n<\/tr>\n<tr>\n<td width=\"30\"><img loading=\"lazy\" decoding=\"async\" title=\"Samoa\" src=\"https:\/\/akaikki.com.br\/copa\/oceania\/Samoa.png\" width=\"24\" height=\"24\" \/><\/td>\n<td>Kaivai ASOVALE<\/td>\n<td><img loading=\"lazy\" decoding=\"async\" title=\"Tonga\" src=\"https:\/\/akaikki.com.br\/copa\/oceania\/Tonga.png\" width=\"24\" height=\"24\" \/><\/td>\n<td>Afah MALUPO<\/td>\n<td><img loading=\"lazy\" decoding=\"async\" title=\"Vanuatu\" src=\"https:\/\/akaikki.com.br\/copa\/oceania\/Vanuatu.png\" width=\"24\" height=\"24\" \/><\/td>\n<td>Seiloni OSWALD<\/td>\n<\/tr>\n<tr>\n<td width=\"30\"><img loading=\"lazy\" decoding=\"async\" title=\"Ilhas Salom\u00e3o\" src=\"https:\/\/akaikki.com.br\/copa\/oceania\/Solomon-Islands.png\" width=\"24\" height=\"24\" \/><\/td>\n<td>Taylor PUIA<\/td>\n<td><img loading=\"lazy\" decoding=\"async\" title=\"Tonga\" src=\"https:\/\/akaikki.com.br\/copa\/oceania\/Tonga.png\" width=\"24\" height=\"24\" \/><\/td>\n<td>Aisy VAIPULU<\/td>\n<td width=\"30\"><\/td>\n<td><\/td>\n<\/tr>\n<tr>\n<td colspan=\"6\"><span style=\"color: #ffffff;\">&#8211;<\/span><\/td>\n<\/tr>\n<tr>\n<td colspan=\"6\"><strong>1 gol<\/strong><\/td>\n<\/tr>\n<tr>\n<td><img loading=\"lazy\" decoding=\"async\" title=\"Samoa\" src=\"https:\/\/akaikki.com.br\/copa\/oceania\/Samoa.png\" width=\"24\" height=\"24\" \/><\/td>\n<td>Langy TOLEAFOA<\/td>\n<td><img loading=\"lazy\" decoding=\"async\" title=\"Tonga\" src=\"https:\/\/akaikki.com.br\/copa\/oceania\/Tonga.png\" width=\"24\" height=\"24\" \/><\/td>\n<td>Lamee KIOA<\/td>\n<td><img loading=\"lazy\" decoding=\"async\" title=\"Vanuatu\" src=\"https:\/\/akaikki.com.br\/copa\/oceania\/Vanuatu.png\" width=\"24\" height=\"24\" \/><\/td>\n<td>Noah REUBEN<\/td>\n<\/tr>\n<tr>\n<td><img loading=\"lazy\" decoding=\"async\" title=\"Ilhas Salom\u00e3o\" src=\"https:\/\/akaikki.com.br\/copa\/oceania\/Solomon-Islands.png\" width=\"24\" height=\"24\" \/><\/td>\n<td>Masen WALE<\/td>\n<td><img loading=\"lazy\" decoding=\"async\" title=\"Tonga\" src=\"https:\/\/akaikki.com.br\/copa\/oceania\/Tonga.png\" width=\"24\" height=\"24\" \/><\/td>\n<td>Makah LATU<\/td>\n<td><img loading=\"lazy\" decoding=\"async\" title=\"Vanuatu\" src=\"https:\/\/akaikki.com.br\/copa\/oceania\/Vanuatu.png\" width=\"24\" height=\"24\" \/><\/td>\n<td>Tony SOLOMON<\/td>\n<\/tr>\n<tr>\n<td><img loading=\"lazy\" decoding=\"async\" title=\"Tonga\" src=\"https:\/\/akaikki.com.br\/copa\/oceania\/Tonga.png\" width=\"24\" height=\"24\" \/><\/td>\n<td>Fayana KAVA<\/td>\n<td width=\"30\"><\/td>\n<td><\/td>\n<td width=\"30\"><\/td>\n<td><\/td>\n<\/tr>\n<\/tbody>\n<\/table>\n","protected":false},"excerpt":{"rendered":"<p>A Primeira Fase das Eliminat\u00f3rias da Oceania consiste em um grupo \u00fanico formado pelos times ranqueados entre as posi\u00e7\u00f5es 8 a 11. PARTICIPANTES Ilhas Salom\u00e3o (177) Tonga (178) Samoa (180) Vanuatu (185) Por ser um grupo \u00fanico, o sorteio serviu apenas para definir a ordem dos jogos. Em negrito, o time classificado para a Segunda<\/p>\n","protected":false},"author":2,"featured_media":18847,"parent":0,"menu_order":0,"comment_status":"closed","ping_status":"closed","template":"","meta":{"footnotes":""},"class_list":["post-17713","page","type-page","status-publish","has-post-thumbnail","hentry"],"_links":{"self":[{"href":"https:\/\/akaikki.com.br\/index.php?rest_route=\/wp\/v2\/pages\/17713","targetHints":{"allow":["GET"]}}],"collection":[{"href":"https:\/\/akaikki.com.br\/index.php?rest_route=\/wp\/v2\/pages"}],"about":[{"href":"https:\/\/akaikki.com.br\/index.php?rest_route=\/wp\/v2\/types\/page"}],"author":[{"embeddable":true,"href":"https:\/\/akaikki.com.br\/index.php?rest_route=\/wp\/v2\/users\/2"}],"replies":[{"embeddable":true,"href":"https:\/\/akaikki.com.br\/index.php?rest_route=%2Fwp%2Fv2%2Fcomments&post=17713"}],"version-history":[{"count":15,"href":"https:\/\/akaikki.com.br\/index.php?rest_route=\/wp\/v2\/pages\/17713\/revisions"}],"predecessor-version":[{"id":18866,"href":"https:\/\/akaikki.com.br\/index.php?rest_route=\/wp\/v2\/pages\/17713\/revisions\/18866"}],"wp:featuredmedia":[{"embeddable":true,"href":"https:\/\/akaikki.com.br\/index.php?rest_route=\/wp\/v2\/media\/18847"}],"wp:attachment":[{"href":"https:\/\/akaikki.com.br\/index.php?rest_route=%2Fwp%2Fv2%2Fmedia&parent=17713"}],"curies":[{"name":"wp","href":"https:\/\/api.w.org\/{rel}","templated":true}]}}