{"id":17588,"date":"2016-09-01T08:40:42","date_gmt":"2016-09-01T11:40:42","guid":{"rendered":"http:\/\/akaikki.com.br\/?page_id=17588"},"modified":"2018-01-22T20:27:51","modified_gmt":"2018-01-22T22:27:51","slug":"eliminatorias-da-oceania","status":"publish","type":"page","link":"https:\/\/akaikki.com.br\/?page_id=17588","title":{"rendered":"Eliminat\u00f3rias da Oceania"},"content":{"rendered":"<p style=\"text-align: justify;\">As Eliminat\u00f3rias da Oceania ser\u00e3o disputadas por 11 times. Os times entre as posi\u00e7\u00f5es 8 e 11 no Ranking disputam a Primeira Fase em um grupo \u00fanico, com o vencedor avan\u00e7ando para a Segunda Fase, que conta com dois grupos de quatro times, com o vencedor de cada grupo se classificando para a Copa Intermundial do a.k.a. Ikki!!.<\/p>\n<h3 style=\"text-align: justify;\">PARTICIPANTES<\/h3>\n<p style=\"text-align: justify;\">Os times em <strong>negrito<\/strong> se classificaram para a Copa Intermundial do a.k.a. Ikki!!.<\/p>\n<table border=\"1\" width=\"600\" align=\"center\">\n<tbody>\n<tr>\n<td align=\"center\" bgcolor=\"#CCCCCC\" width=\"200\">Segunda Fase (1 a 7)<\/td>\n<td align=\"center\" bgcolor=\"#CCCCCC\" width=\"200\">Primeira Fase (8 a 11)<\/td>\n<\/tr>\n<tr>\n<td valign=\"top\" width=\"200\">\n<ol>\n<li><img loading=\"lazy\" decoding=\"async\" style=\"margin: 0px 4px;\" src=\"https:\/\/akaikki.com.br\/copa\/oceania\/New-Zealand.png\" width=\"24\" height=\"24\" align=\"absMiddle\" \/><strong>Nova Zel\u00e2ndia (77)<\/strong><\/li>\n<li><img loading=\"lazy\" decoding=\"async\" style=\"margin: 0px 4px;\" src=\"https:\/\/akaikki.com.br\/copa\/oceania\/Papua-New-Guinea.png\" width=\"24\" height=\"24\" align=\"absMiddle\" \/>Papua Nova Guin\u00e9 (142)<\/li>\n<li><img loading=\"lazy\" decoding=\"async\" style=\"margin: 0px 4px;\" src=\"https:\/\/akaikki.com.br\/copa\/oceania\/Cook-Islands.png\" width=\"24\" height=\"24\" align=\"absMiddle\" \/>Ilhas Cook (155)<\/li>\n<li><img loading=\"lazy\" decoding=\"async\" style=\"margin: 0px 4px;\" src=\"https:\/\/akaikki.com.br\/copa\/oceania\/New-Caledonia.png\" width=\"24\" height=\"24\" align=\"absMiddle\" \/>Nova Caled\u00f4nia (157)<\/li>\n<li><img loading=\"lazy\" decoding=\"async\" style=\"margin: 0px 4px;\" src=\"https:\/\/akaikki.com.br\/copa\/oceania\/American-Samoa.png\" width=\"24\" height=\"24\" align=\"absMiddle\" \/><strong>Samoa Americana (162)<\/strong><\/li>\n<li><img loading=\"lazy\" decoding=\"async\" style=\"margin: 0px 4px;\" src=\"https:\/\/akaikki.com.br\/copa\/oceania\/Tahiti.png\" width=\"24\" height=\"24\" align=\"absMiddle\" \/>Taiti (167)<\/li>\n<li><img loading=\"lazy\" decoding=\"async\" style=\"margin: 0px 4px;\" src=\"https:\/\/akaikki.com.br\/copa\/oceania\/Fiji.png\" width=\"24\" height=\"24\" align=\"absMiddle\" \/>Fiji (176)<\/li>\n<\/ol>\n<\/td>\n<td valign=\"top\" width=\"200\">\n<ol start=\"8\">\n<li><img loading=\"lazy\" decoding=\"async\" style=\"margin: 0px 4px;\" src=\"https:\/\/akaikki.com.br\/copa\/oceania\/Solomon-Islands.png\" width=\"24\" height=\"24\" align=\"absMiddle\" \/>Ilhas Salom\u00e3o (177)<\/li>\n<li><img loading=\"lazy\" decoding=\"async\" style=\"margin: 0px 4px;\" src=\"https:\/\/akaikki.com.br\/copa\/oceania\/Tonga.png\" width=\"24\" height=\"24\" align=\"absMiddle\" \/>Tonga (178)<\/li>\n<li><img loading=\"lazy\" decoding=\"async\" style=\"margin: 0px 4px;\" src=\"https:\/\/akaikki.com.br\/copa\/oceania\/Samoa.png\" width=\"24\" height=\"24\" align=\"absMiddle\" \/>Samoa (180)<\/li>\n<li><img loading=\"lazy\" decoding=\"async\" style=\"margin: 0px 4px;\" src=\"https:\/\/akaikki.com.br\/copa\/oceania\/Vanuatu.png\" width=\"24\" height=\"24\" align=\"absMiddle\" \/>Vanuatu (185)<\/li>\n<\/ol>\n<\/td>\n<\/tr>\n<\/tbody>\n<\/table>\n<h3 style=\"text-align: justify;\"><\/h3>\n<h3 style=\"text-align: justify;\"><a href=\"https:\/\/akaikki.com.br\/?page_id=17713\">PRIMEIRA FASE<\/a><\/h3>\n<p style=\"text-align: justify;\">A Primeira Fase consiste em um grupo \u00fanico formado pelos times ranqueados entre as posi\u00e7\u00f5es 8 a 11.<\/p>\n<table border=\"1\" width=\"600\" align=\"center\">\n<tbody>\n<tr>\n<td align=\"center\" width=\"30\"><strong>Pos.<\/strong><\/td>\n<td width=\"200\"><strong><span style=\"color: #ffffff;\">&#8211;<\/span>Time<\/strong><\/td>\n<td align=\"center\" width=\"50\"><strong>Pts.<\/strong><\/td>\n<td align=\"center\" width=\"30\"><strong>J<\/strong><\/td>\n<td align=\"center\" width=\"30\"><strong>V<\/strong><\/td>\n<td align=\"center\" width=\"30\"><strong>E<\/strong><\/td>\n<td align=\"center\" width=\"30\"><strong>D<\/strong><\/td>\n<td align=\"center\" width=\"30\"><strong>SG<\/strong><\/td>\n<td align=\"center\" width=\"30\"><strong>GP<\/strong><\/td>\n<td align=\"center\" width=\"30\"><strong>GC<\/strong><\/td>\n<\/tr>\n<tr>\n<td align=\"center\" bgcolor=\"#C5D9F1\">1<\/td>\n<td bgcolor=\"#C5D9F1\"><img loading=\"lazy\" decoding=\"async\" style=\"margin: 0px 4px;\" src=\"https:\/\/akaikki.com.br\/copa\/oceania\/Tonga.png\" width=\"24\" height=\"24\" align=\"absMiddle\" \/>Tonga<\/td>\n<td align=\"center\" bgcolor=\"#C5D9F1\" width=\"19\">13<\/td>\n<td align=\"center\" bgcolor=\"#C5D9F1\" width=\"19\">6<\/td>\n<td align=\"center\" bgcolor=\"#C5D9F1\" width=\"19\">4<\/td>\n<td align=\"center\" bgcolor=\"#C5D9F1\" width=\"19\">1<\/td>\n<td align=\"center\" bgcolor=\"#C5D9F1\" width=\"19\">1<\/td>\n<td align=\"center\" bgcolor=\"#C5D9F1\" width=\"22\">4<\/td>\n<td align=\"center\" bgcolor=\"#C5D9F1\" width=\"19\">7<\/td>\n<td align=\"center\" bgcolor=\"#C5D9F1\" width=\"19\">3<\/td>\n<\/tr>\n<tr>\n<td align=\"center\" bgcolor=\"#E6B8B7\">2<\/td>\n<td bgcolor=\"#E6B8B7\"><img loading=\"lazy\" decoding=\"async\" style=\"margin: 0px 4px;\" src=\"https:\/\/akaikki.com.br\/copa\/oceania\/Vanuatu.png\" width=\"24\" height=\"24\" align=\"absMiddle\" \/>Vanuatu<\/td>\n<td align=\"center\" bgcolor=\"#E6B8B7\">7<\/td>\n<td align=\"center\" bgcolor=\"#E6B8B7\">6<\/td>\n<td align=\"center\" bgcolor=\"#E6B8B7\">1<\/td>\n<td align=\"center\" bgcolor=\"#E6B8B7\">4<\/td>\n<td align=\"center\" bgcolor=\"#E6B8B7\">1<\/td>\n<td align=\"center\" bgcolor=\"#E6B8B7\">1<\/td>\n<td align=\"center\" bgcolor=\"#E6B8B7\">4<\/td>\n<td align=\"center\" bgcolor=\"#E6B8B7\">3<\/td>\n<\/tr>\n<tr>\n<td align=\"center\" bgcolor=\"#E6B8B7\">3<\/td>\n<td bgcolor=\"#E6B8B7\"><img loading=\"lazy\" decoding=\"async\" style=\"margin: 0px 4px;\" src=\"https:\/\/akaikki.com.br\/copa\/oceania\/Solomon-Islands.png\" width=\"24\" height=\"24\" align=\"absMiddle\" \/>Ilhas Salom\u00e3o<\/td>\n<td align=\"center\" bgcolor=\"#E6B8B7\">6<\/td>\n<td align=\"center\" bgcolor=\"#E6B8B7\">6<\/td>\n<td align=\"center\" bgcolor=\"#E6B8B7\">1<\/td>\n<td align=\"center\" bgcolor=\"#E6B8B7\">3<\/td>\n<td align=\"center\" bgcolor=\"#E6B8B7\">2<\/td>\n<td align=\"center\" bgcolor=\"#E6B8B7\">-2<\/td>\n<td align=\"center\" bgcolor=\"#E6B8B7\">3<\/td>\n<td align=\"center\" bgcolor=\"#E6B8B7\">5<\/td>\n<\/tr>\n<tr>\n<td align=\"center\" bgcolor=\"#E6B8B7\">4<\/td>\n<td bgcolor=\"#E6B8B7\"><img loading=\"lazy\" decoding=\"async\" style=\"margin: 0px 4px;\" src=\"https:\/\/akaikki.com.br\/copa\/oceania\/Samoa.png\" width=\"24\" height=\"24\" align=\"absMiddle\" \/>Samoa<\/td>\n<td align=\"center\" bgcolor=\"#E6B8B7\">5<\/td>\n<td align=\"center\" bgcolor=\"#E6B8B7\">6<\/td>\n<td align=\"center\" bgcolor=\"#E6B8B7\">1<\/td>\n<td align=\"center\" bgcolor=\"#E6B8B7\">2<\/td>\n<td align=\"center\" bgcolor=\"#E6B8B7\">3<\/td>\n<td align=\"center\" bgcolor=\"#E6B8B7\">-3<\/td>\n<td align=\"center\" bgcolor=\"#E6B8B7\">3<\/td>\n<td align=\"center\" bgcolor=\"#E6B8B7\">6<\/td>\n<\/tr>\n<\/tbody>\n<\/table>\n<h3 style=\"text-align: justify;\"><a href=\"https:\/\/akaikki.com.br\/?page_id=17716\">SEGUNDA FASE<\/a><\/h3>\n<p style=\"text-align: justify;\">A Segunda Fase ter\u00e1 dois grupos de quatro times, compostos pelo vencedor da Primeira Fase e pelos times ranqueados entre as posi\u00e7\u00f5es 1 e 7. Os vencedores de cada grupo se classificam para a Copa Intermundial do a.k.a. Ikki!!.<\/p>\n<p style=\"text-align: justify;\"><strong>Grupo A<\/strong><\/p>\n<table border=\"1\" width=\"600\" align=\"center\">\n<tbody>\n<tr>\n<td align=\"center\" width=\"30\"><strong>Pos.<\/strong><\/td>\n<td width=\"200\"><strong><span style=\"color: #ffffff;\">&#8211;<\/span>Time<\/strong><\/td>\n<td align=\"center\" width=\"50\"><strong>Pts.<\/strong><\/td>\n<td align=\"center\" width=\"30\"><strong>J<\/strong><\/td>\n<td align=\"center\" width=\"30\"><strong>V<\/strong><\/td>\n<td align=\"center\" width=\"30\"><strong>E<\/strong><\/td>\n<td align=\"center\" width=\"30\"><strong>D<\/strong><\/td>\n<td align=\"center\" width=\"30\"><strong>SG<\/strong><\/td>\n<td align=\"center\" width=\"30\"><strong>GP<\/strong><\/td>\n<td align=\"center\" width=\"30\"><strong>GC<\/strong><\/td>\n<\/tr>\n<tr>\n<td align=\"center\" bgcolor=\"#FFC000\">1<\/td>\n<td bgcolor=\"#FFC000\"><img loading=\"lazy\" decoding=\"async\" style=\"margin: 0px 4px;\" src=\"https:\/\/akaikki.com.br\/copa\/oceania\/American-Samoa.png\" width=\"24\" height=\"24\" align=\"absMiddle\" \/>Samoa Americana<\/td>\n<td align=\"center\" bgcolor=\"#FFC000\" width=\"19\">12<\/td>\n<td align=\"center\" bgcolor=\"#FFC000\" width=\"19\">6<\/td>\n<td align=\"center\" bgcolor=\"#FFC000\" width=\"19\">3<\/td>\n<td align=\"center\" bgcolor=\"#FFC000\" width=\"19\">3<\/td>\n<td align=\"center\" bgcolor=\"#FFC000\" width=\"19\">0<\/td>\n<td align=\"center\" bgcolor=\"#FFC000\" width=\"22\">4<\/td>\n<td align=\"center\" bgcolor=\"#FFC000\" width=\"19\">5<\/td>\n<td align=\"center\" bgcolor=\"#FFC000\" width=\"19\">1<\/td>\n<\/tr>\n<tr>\n<td align=\"center\" bgcolor=\"#E6B8B7\">2<\/td>\n<td bgcolor=\"#E6B8B7\"><img loading=\"lazy\" decoding=\"async\" style=\"margin: 0px 4px;\" src=\"https:\/\/akaikki.com.br\/copa\/oceania\/Papua-New-Guinea.png\" width=\"24\" height=\"24\" align=\"absMiddle\" \/>Papua Nova Guin\u00e9<\/td>\n<td align=\"center\" bgcolor=\"#E6B8B7\">10<\/td>\n<td align=\"center\" bgcolor=\"#E6B8B7\">6<\/td>\n<td align=\"center\" bgcolor=\"#E6B8B7\">3<\/td>\n<td align=\"center\" bgcolor=\"#E6B8B7\">1<\/td>\n<td align=\"center\" bgcolor=\"#E6B8B7\">2<\/td>\n<td align=\"center\" bgcolor=\"#E6B8B7\">2<\/td>\n<td align=\"center\" bgcolor=\"#E6B8B7\">7<\/td>\n<td align=\"center\" bgcolor=\"#E6B8B7\">5<\/td>\n<\/tr>\n<tr>\n<td align=\"center\" bgcolor=\"#E6B8B7\">3<\/td>\n<td bgcolor=\"#E6B8B7\"><img loading=\"lazy\" decoding=\"async\" style=\"margin: 0px 4px;\" src=\"https:\/\/akaikki.com.br\/copa\/oceania\/New-Caledonia.png\" width=\"24\" height=\"24\" align=\"absMiddle\" \/>Nova Caled\u00f4nia<\/td>\n<td align=\"center\" bgcolor=\"#E6B8B7\">8<\/td>\n<td align=\"center\" bgcolor=\"#E6B8B7\">6<\/td>\n<td align=\"center\" bgcolor=\"#E6B8B7\">2<\/td>\n<td align=\"center\" bgcolor=\"#E6B8B7\">2<\/td>\n<td align=\"center\" bgcolor=\"#E6B8B7\">2<\/td>\n<td align=\"center\" bgcolor=\"#E6B8B7\">2<\/td>\n<td align=\"center\" bgcolor=\"#E6B8B7\">6<\/td>\n<td align=\"center\" bgcolor=\"#E6B8B7\">4<\/td>\n<\/tr>\n<tr>\n<td align=\"center\" bgcolor=\"#E6B8B7\">4<\/td>\n<td bgcolor=\"#E6B8B7\"><img loading=\"lazy\" decoding=\"async\" style=\"margin: 0px 4px;\" src=\"https:\/\/akaikki.com.br\/copa\/oceania\/Tonga.png\" width=\"24\" height=\"24\" align=\"absMiddle\" \/>Tonga<\/td>\n<td align=\"center\" bgcolor=\"#E6B8B7\">3<\/td>\n<td align=\"center\" bgcolor=\"#E6B8B7\">6<\/td>\n<td align=\"center\" bgcolor=\"#E6B8B7\">1<\/td>\n<td align=\"center\" bgcolor=\"#E6B8B7\">0<\/td>\n<td align=\"center\" bgcolor=\"#E6B8B7\">5<\/td>\n<td align=\"center\" bgcolor=\"#E6B8B7\">-8<\/td>\n<td align=\"center\" bgcolor=\"#E6B8B7\">3<\/td>\n<td align=\"center\" bgcolor=\"#E6B8B7\">11<\/td>\n<\/tr>\n<\/tbody>\n<\/table>\n<p style=\"text-align: justify;\"><strong><br \/>\nGrupo B<\/strong><\/p>\n<table border=\"1\" width=\"600\" align=\"center\">\n<tbody>\n<tr>\n<td align=\"center\" width=\"30\"><strong>Pos.<\/strong><\/td>\n<td width=\"200\"><strong><span style=\"color: #ffffff;\">&#8211;<\/span>Time<\/strong><\/td>\n<td align=\"center\" width=\"50\"><strong>Pts.<\/strong><\/td>\n<td align=\"center\" width=\"30\"><strong>J<\/strong><\/td>\n<td align=\"center\" width=\"30\"><strong>V<\/strong><\/td>\n<td align=\"center\" width=\"30\"><strong>E<\/strong><\/td>\n<td align=\"center\" width=\"30\"><strong>D<\/strong><\/td>\n<td align=\"center\" width=\"30\"><strong>SG<\/strong><\/td>\n<td align=\"center\" width=\"30\"><strong>GP<\/strong><\/td>\n<td align=\"center\" width=\"30\"><strong>GC<\/strong><\/td>\n<\/tr>\n<tr>\n<td align=\"center\" bgcolor=\"#FFC000\">1<\/td>\n<td bgcolor=\"#FFC000\"><img loading=\"lazy\" decoding=\"async\" style=\"margin: 0px 4px;\" src=\"https:\/\/akaikki.com.br\/copa\/oceania\/New-Zealand.png\" width=\"24\" height=\"24\" align=\"absMiddle\" \/>Nova Zel\u00e2ndia<\/td>\n<td align=\"center\" bgcolor=\"#FFC000\" width=\"19\">14<\/td>\n<td align=\"center\" bgcolor=\"#FFC000\" width=\"19\">6<\/td>\n<td align=\"center\" bgcolor=\"#FFC000\" width=\"19\">4<\/td>\n<td align=\"center\" bgcolor=\"#FFC000\" width=\"19\">2<\/td>\n<td align=\"center\" bgcolor=\"#FFC000\" width=\"19\">0<\/td>\n<td align=\"center\" bgcolor=\"#FFC000\" width=\"22\">6<\/td>\n<td align=\"center\" bgcolor=\"#FFC000\" width=\"19\">8<\/td>\n<td align=\"center\" bgcolor=\"#FFC000\" width=\"19\">2<\/td>\n<\/tr>\n<tr>\n<td align=\"center\" bgcolor=\"#E6B8B7\">2<\/td>\n<td bgcolor=\"#E6B8B7\"><img loading=\"lazy\" decoding=\"async\" style=\"margin: 0px 4px;\" src=\"https:\/\/akaikki.com.br\/copa\/oceania\/Tahiti.png\" width=\"24\" height=\"24\" align=\"absMiddle\" \/>Taiti<\/td>\n<td align=\"center\" bgcolor=\"#E6B8B7\">9<\/td>\n<td align=\"center\" bgcolor=\"#E6B8B7\">6<\/td>\n<td align=\"center\" bgcolor=\"#E6B8B7\">2<\/td>\n<td align=\"center\" bgcolor=\"#E6B8B7\">3<\/td>\n<td align=\"center\" bgcolor=\"#E6B8B7\">1<\/td>\n<td align=\"center\" bgcolor=\"#E6B8B7\">1<\/td>\n<td align=\"center\" bgcolor=\"#E6B8B7\">4<\/td>\n<td align=\"center\" bgcolor=\"#E6B8B7\">3<\/td>\n<\/tr>\n<tr>\n<td align=\"center\" bgcolor=\"#E6B8B7\">3<\/td>\n<td bgcolor=\"#E6B8B7\"><img loading=\"lazy\" decoding=\"async\" style=\"margin: 0px 4px;\" src=\"https:\/\/akaikki.com.br\/copa\/oceania\/Fiji.png\" width=\"24\" height=\"24\" align=\"absMiddle\" \/>Fiji<\/td>\n<td align=\"center\" bgcolor=\"#E6B8B7\">6<\/td>\n<td align=\"center\" bgcolor=\"#E6B8B7\">6<\/td>\n<td align=\"center\" bgcolor=\"#E6B8B7\">1<\/td>\n<td align=\"center\" bgcolor=\"#E6B8B7\">3<\/td>\n<td align=\"center\" bgcolor=\"#E6B8B7\">2<\/td>\n<td align=\"center\" bgcolor=\"#E6B8B7\">-1<\/td>\n<td align=\"center\" bgcolor=\"#E6B8B7\">3<\/td>\n<td align=\"center\" bgcolor=\"#E6B8B7\">4<\/td>\n<\/tr>\n<tr>\n<td align=\"center\" bgcolor=\"#E6B8B7\">4<\/td>\n<td bgcolor=\"#E6B8B7\"><img loading=\"lazy\" decoding=\"async\" style=\"margin: 0px 4px;\" src=\"https:\/\/akaikki.com.br\/copa\/oceania\/Cook-Islands.png\" width=\"24\" height=\"24\" align=\"absMiddle\" \/>Ilhas Cook<\/td>\n<td align=\"center\" bgcolor=\"#E6B8B7\">2<\/td>\n<td align=\"center\" bgcolor=\"#E6B8B7\">6<\/td>\n<td align=\"center\" bgcolor=\"#E6B8B7\">0<\/td>\n<td align=\"center\" bgcolor=\"#E6B8B7\">2<\/td>\n<td align=\"center\" bgcolor=\"#E6B8B7\">4<\/td>\n<td align=\"center\" bgcolor=\"#E6B8B7\">-6<\/td>\n<td align=\"center\" bgcolor=\"#E6B8B7\">2<\/td>\n<td align=\"center\" bgcolor=\"#E6B8B7\">8<\/td>\n<\/tr>\n<\/tbody>\n<\/table>\n<h3 style=\"text-align: justify;\">ARTILHARIA<\/h3>\n<p style=\"text-align: justify;\">Foram marcados 55 gols em 36 jogos. (m\u00e9dia de 1,53 gols\/jogo)<\/p>\n<table border=\"0\" width=\"600\" align=\"center\">\n<tbody>\n<tr>\n<td colspan=\"6\"><strong>4 gols<\/strong><\/td>\n<\/tr>\n<tr>\n<td><strong><img loading=\"lazy\" decoding=\"async\" title=\"Nova Zel\u00e2ndia\" src=\"https:\/\/akaikki.com.br\/copa\/oceania\/New-Zealand.png\" width=\"24\" height=\"24\" \/><\/strong><\/td>\n<td>Graysen STEWART<\/td>\n<td><\/td>\n<td><\/td>\n<td><\/td>\n<td><\/td>\n<\/tr>\n<tr>\n<td colspan=\"6\"><span style=\"color: #ffffff;\">&#8211;<\/span><\/td>\n<\/tr>\n<tr>\n<td colspan=\"6\"><strong>3 gols<\/strong><\/td>\n<\/tr>\n<tr>\n<td><strong><img loading=\"lazy\" decoding=\"async\" title=\"Samoa Americana\" src=\"https:\/\/akaikki.com.br\/copa\/oceania\/American-Samoa.png\" width=\"24\" height=\"24\" \/><\/strong><\/td>\n<td>Chace WILSON<\/td>\n<td><strong><img loading=\"lazy\" decoding=\"async\" title=\"Taiti\" src=\"https:\/\/akaikki.com.br\/copa\/oceania\/Tahiti.png\" width=\"24\" height=\"24\" \/><\/strong><\/td>\n<td>Hiro GARNIER<\/td>\n<td><\/td>\n<td><\/td>\n<\/tr>\n<tr>\n<td><img loading=\"lazy\" decoding=\"async\" title=\"Papua Nova Guin\u00e9\" src=\"https:\/\/akaikki.com.br\/copa\/oceania\/Papua-New-Guinea.png\" width=\"24\" height=\"24\" \/><\/td>\n<td>Aaron TAVIRI<\/td>\n<td><img loading=\"lazy\" decoding=\"async\" title=\"Tonga\" src=\"https:\/\/akaikki.com.br\/copa\/oceania\/Tonga.png\" width=\"24\" height=\"24\" \/><\/td>\n<td>Aisy VAIPULU<\/td>\n<td><\/td>\n<td><\/td>\n<\/tr>\n<tr>\n<td colspan=\"6\"><span style=\"color: #ffffff;\">&#8211;<\/span><\/td>\n<\/tr>\n<\/tbody>\n<tbody>\n<tr>\n<td colspan=\"6\"><strong>2 gols<\/strong><\/td>\n<\/tr>\n<tr>\n<td><strong><img loading=\"lazy\" decoding=\"async\" title=\"Fiji\" src=\"https:\/\/akaikki.com.br\/copa\/oceania\/Fiji.png\" width=\"24\" height=\"24\" \/><\/strong><\/td>\n<td>Maciu WILSON<\/td>\n<td><img loading=\"lazy\" decoding=\"async\" title=\"Samoa\" src=\"https:\/\/akaikki.com.br\/copa\/oceania\/Samoa.png\" width=\"24\" height=\"24\" \/><\/td>\n<td>Kaivai ASOVALE<\/td>\n<td><img loading=\"lazy\" decoding=\"async\" title=\"Tonga\" src=\"https:\/\/akaikki.com.br\/copa\/oceania\/Tonga.png\" width=\"24\" height=\"24\" \/><\/td>\n<td>Fayana KAVA<\/td>\n<\/tr>\n<tr>\n<td width=\"30\"><strong><img loading=\"lazy\" decoding=\"async\" title=\"Nova Caled\u00f4nia\" src=\"https:\/\/akaikki.com.br\/copa\/oceania\/New-Caledonia.png\" width=\"24\" height=\"24\" \/><\/strong><\/td>\n<td>Cl\u00e9ment BOUQUET<\/td>\n<td><img loading=\"lazy\" decoding=\"async\" title=\"Ilhas Salom\u00e3o\" src=\"https:\/\/akaikki.com.br\/copa\/oceania\/Solomon-Islands.png\" width=\"24\" height=\"24\" \/><\/td>\n<td>Taylor PUIA<\/td>\n<td width=\"30\"><img loading=\"lazy\" decoding=\"async\" title=\"Tonga\" src=\"https:\/\/akaikki.com.br\/copa\/oceania\/Tonga.png\" width=\"24\" height=\"24\" \/><\/td>\n<td>Lamee KIOA<\/td>\n<\/tr>\n<tr>\n<td width=\"30\"><strong><img loading=\"lazy\" decoding=\"async\" title=\"Nova Caled\u00f4nia\" src=\"https:\/\/akaikki.com.br\/copa\/oceania\/New-Caledonia.png\" width=\"24\" height=\"24\" \/><\/strong><\/td>\n<td>Rapha\u00ebl DAVID<\/td>\n<td><img loading=\"lazy\" decoding=\"async\" title=\"Tonga\" src=\"https:\/\/akaikki.com.br\/copa\/oceania\/Tonga.png\" width=\"24\" height=\"24\" \/><\/td>\n<td>Afah MALUPO<\/td>\n<td width=\"30\"><img loading=\"lazy\" decoding=\"async\" title=\"Vanuatu\" src=\"https:\/\/akaikki.com.br\/copa\/oceania\/Vanuatu.png\" width=\"24\" height=\"24\" \/><\/td>\n<td>Seiloni OSWALD<\/td>\n<\/tr>\n<tr>\n<td><img loading=\"lazy\" decoding=\"async\" title=\"Papua Nova Guin\u00e9\" src=\"https:\/\/akaikki.com.br\/copa\/oceania\/Papua-New-Guinea.png\" width=\"24\" height=\"24\" \/><\/td>\n<td>Connor HENAO<\/td>\n<td width=\"30\"><\/td>\n<td><\/td>\n<td width=\"30\"><\/td>\n<td><\/td>\n<\/tr>\n<tr>\n<td colspan=\"6\"><span style=\"color: #ffffff;\">&#8211;<\/span><\/td>\n<\/tr>\n<tr>\n<td colspan=\"6\"><strong>1 gol<\/strong><\/td>\n<\/tr>\n<tr>\n<td><strong><img loading=\"lazy\" decoding=\"async\" title=\"Samoa Americana\" src=\"https:\/\/akaikki.com.br\/copa\/oceania\/American-Samoa.png\" width=\"24\" height=\"24\" \/><\/strong><\/td>\n<td>Billy SCANLAN<\/td>\n<td><strong><img loading=\"lazy\" decoding=\"async\" title=\"Nova Zel\u00e2ndia\" src=\"https:\/\/akaikki.com.br\/copa\/oceania\/New-Zealand.png\" width=\"24\" height=\"24\" \/><\/strong><\/td>\n<td>Owen FLEMING<\/td>\n<td><img loading=\"lazy\" decoding=\"async\" title=\"Ilhas Salom\u00e3o\" src=\"https:\/\/akaikki.com.br\/copa\/oceania\/Solomon-Islands.png\" width=\"24\" height=\"24\" \/><\/td>\n<td>Masen WALE<\/td>\n<\/tr>\n<tr>\n<td width=\"30\"><strong><img loading=\"lazy\" decoding=\"async\" title=\"Samoa Americana\" src=\"https:\/\/akaikki.com.br\/copa\/oceania\/American-Samoa.png\" width=\"24\" height=\"24\" \/><\/strong><\/td>\n<td>Kameron IULI<\/td>\n<td><strong><img loading=\"lazy\" decoding=\"async\" title=\"Nova Zel\u00e2ndia\" src=\"https:\/\/akaikki.com.br\/copa\/oceania\/New-Zealand.png\" width=\"24\" height=\"24\" \/><\/strong><\/td>\n<td>Robert SINCLAIR<\/td>\n<td><img loading=\"lazy\" decoding=\"async\" title=\"Taiti\" src=\"https:\/\/akaikki.com.br\/copa\/oceania\/Tahiti.png\" width=\"24\" height=\"24\" \/><\/td>\n<td>Toanui MANEA<\/td>\n<\/tr>\n<tr>\n<td><strong><img loading=\"lazy\" decoding=\"async\" title=\"Ilhas Cook\" src=\"https:\/\/akaikki.com.br\/copa\/oceania\/Cook-Islands.png\" width=\"24\" height=\"24\" \/><\/strong><\/td>\n<td>Joseph MATAIO<\/td>\n<td><img loading=\"lazy\" decoding=\"async\" title=\"Papua Nova Guin\u00e9\" src=\"https:\/\/akaikki.com.br\/copa\/oceania\/Papua-New-Guinea.png\" width=\"24\" height=\"24\" \/><\/td>\n<td>Casey KAPA<\/td>\n<td width=\"30\"><img loading=\"lazy\" decoding=\"async\" title=\"Tonga\" src=\"https:\/\/akaikki.com.br\/copa\/oceania\/Tonga.png\" width=\"24\" height=\"24\" \/><\/td>\n<td>Makah LATU<\/td>\n<\/tr>\n<tr>\n<td><strong><img loading=\"lazy\" decoding=\"async\" title=\"Ilhas Cook\" src=\"https:\/\/akaikki.com.br\/copa\/oceania\/Cook-Islands.png\" width=\"24\" height=\"24\" \/><\/strong><\/td>\n<td>Paul POKURA<\/td>\n<td><img loading=\"lazy\" decoding=\"async\" title=\"Papua Nova Guin\u00e9\" src=\"https:\/\/akaikki.com.br\/copa\/oceania\/Papua-New-Guinea.png\" width=\"24\" height=\"24\" \/><\/td>\n<td>Henry GAWI<\/td>\n<td width=\"30\"><img loading=\"lazy\" decoding=\"async\" title=\"Vanuatu\" src=\"https:\/\/akaikki.com.br\/copa\/oceania\/Vanuatu.png\" width=\"24\" height=\"24\" \/><\/td>\n<td>Noah REUBEN<\/td>\n<\/tr>\n<tr>\n<td><strong><img loading=\"lazy\" decoding=\"async\" title=\"Nova Caled\u00f4nia\" src=\"https:\/\/akaikki.com.br\/copa\/oceania\/New-Caledonia.png\" width=\"24\" height=\"24\" \/><\/strong><\/td>\n<td>Milo GOUJON<\/td>\n<td width=\"30\"><img loading=\"lazy\" decoding=\"async\" title=\"Samoa\" src=\"https:\/\/akaikki.com.br\/copa\/oceania\/Samoa.png\" width=\"24\" height=\"24\" \/><\/td>\n<td>Langy TOLEAFOA<\/td>\n<td width=\"30\"><img loading=\"lazy\" decoding=\"async\" title=\"Vanuatu\" src=\"https:\/\/akaikki.com.br\/copa\/oceania\/Vanuatu.png\" width=\"24\" height=\"24\" \/><\/td>\n<td>Tony SOLOMON<\/td>\n<\/tr>\n<tr>\n<td><strong><img loading=\"lazy\" decoding=\"async\" title=\"Nova Zel\u00e2ndia\" src=\"https:\/\/akaikki.com.br\/copa\/oceania\/New-Zealand.png\" width=\"24\" height=\"24\" \/><\/strong><\/td>\n<td>John BURGESS<\/td>\n<td><\/td>\n<td><\/td>\n<td width=\"30\"><\/td>\n<td><\/td>\n<\/tr>\n<tr>\n<td colspan=\"6\"><span style=\"color: #ffffff;\">&#8211;<\/span><\/td>\n<\/tr>\n<tr>\n<td colspan=\"6\"><strong>Gols contra<\/strong><\/td>\n<\/tr>\n<tr>\n<td><img loading=\"lazy\" decoding=\"async\" title=\"Tonga\" src=\"https:\/\/akaikki.com.br\/copa\/oceania\/Tonga.png\" width=\"24\" height=\"24\" \/><\/td>\n<td>Langley TAIONE<\/td>\n<td colspan=\"4\">(contra Nova Caled\u00f4nia)<\/td>\n<\/tr>\n<tr>\n<td><img loading=\"lazy\" decoding=\"async\" title=\"Taiti\" src=\"https:\/\/akaikki.com.br\/copa\/oceania\/Tahiti.png\" width=\"24\" height=\"24\" \/><\/td>\n<td>Tapunui TARAHU<\/td>\n<td colspan=\"4\">(contra Fiji)<\/td>\n<\/tr>\n<tr>\n<td><img loading=\"lazy\" decoding=\"async\" title=\"Taiti\" src=\"https:\/\/akaikki.com.br\/copa\/oceania\/Tahiti.png\" width=\"24\" height=\"24\" \/><\/td>\n<td>Tahitoa CHONG<\/td>\n<td colspan=\"4\">(contra Nova Zel\u00e2ndia)<\/td>\n<\/tr>\n<\/tbody>\n<\/table>\n","protected":false},"excerpt":{"rendered":"<p>As Eliminat\u00f3rias da Oceania ser\u00e3o disputadas por 11 times. Os times entre as posi\u00e7\u00f5es 8 e 11 no Ranking disputam a Primeira Fase em um grupo \u00fanico, com o vencedor avan\u00e7ando para a Segunda Fase, que conta com dois grupos de quatro times, com o vencedor de cada grupo se classificando para a Copa Intermundial<\/p>\n","protected":false},"author":2,"featured_media":18847,"parent":0,"menu_order":0,"comment_status":"closed","ping_status":"closed","template":"","meta":{"footnotes":""},"class_list":["post-17588","page","type-page","status-publish","has-post-thumbnail","hentry"],"_links":{"self":[{"href":"https:\/\/akaikki.com.br\/index.php?rest_route=\/wp\/v2\/pages\/17588","targetHints":{"allow":["GET"]}}],"collection":[{"href":"https:\/\/akaikki.com.br\/index.php?rest_route=\/wp\/v2\/pages"}],"about":[{"href":"https:\/\/akaikki.com.br\/index.php?rest_route=\/wp\/v2\/types\/page"}],"author":[{"embeddable":true,"href":"https:\/\/akaikki.com.br\/index.php?rest_route=\/wp\/v2\/users\/2"}],"replies":[{"embeddable":true,"href":"https:\/\/akaikki.com.br\/index.php?rest_route=%2Fwp%2Fv2%2Fcomments&post=17588"}],"version-history":[{"count":27,"href":"https:\/\/akaikki.com.br\/index.php?rest_route=\/wp\/v2\/pages\/17588\/revisions"}],"predecessor-version":[{"id":19276,"href":"https:\/\/akaikki.com.br\/index.php?rest_route=\/wp\/v2\/pages\/17588\/revisions\/19276"}],"wp:featuredmedia":[{"embeddable":true,"href":"https:\/\/akaikki.com.br\/index.php?rest_route=\/wp\/v2\/media\/18847"}],"wp:attachment":[{"href":"https:\/\/akaikki.com.br\/index.php?rest_route=%2Fwp%2Fv2%2Fmedia&parent=17588"}],"curies":[{"name":"wp","href":"https:\/\/api.w.org\/{rel}","templated":true}]}}